{"id":2,"date":"2024-02-17T08:52:32","date_gmt":"2024-02-17T08:52:32","guid":{"rendered":"http:\/\/ekskluzywny-hotel.pl\/?page_id=2"},"modified":"2024-09-04T12:50:50","modified_gmt":"2024-09-04T12:50:50","slug":"luksusowy-hotel-w-gorach","status":"publish","type":"page","link":"https:\/\/ekskluzywny-hotel.pl\/","title":{"rendered":"Luksusowy hotel w g\u00f3rach to Pa\u0142ac Pakosz\u00f3w!"},"content":{"rendered":"\n<p>Zagubiony w sercu majestatycznych Karkonoszy, istnieje<strong> luksusowy hotel w g\u00f3rach<\/strong>, kt\u00f3ry przekracza zwyk\u0142e granice wyj\u0105tkowo\u015bci \u2014 miejsce, gdzie historia splata si\u0119 z nowoczesno\u015bci\u0105, oferuj\u0105c odwiedzaj\u0105cym nie tylko wypoczynek, ale prawdziw\u0105 podr\u00f3\u017c w czasie. To nie jest zwyczajny <strong>luksusowy hotel w g\u00f3rach<\/strong>, lecz odrestaurowany pa\u0142ac w Karkonoszach, w kt\u00f3rym ka\u017cdy korytarz szepcze historie minionych lat, a ka\u017cde pomieszczenie opowiada o splendorze dawnych dni. <\/p>\n\n\n\n<h2 class=\"wp-block-heading has-text-align-center\">Dowiedz si\u0119, czym uj\u0105\u0142 nas Pa\u0142ac Pakosz\u00f3w &#8211; wyj\u0105tkowy luksusowy hotel w g\u00f3rach!<\/h2>\n\n\n\n<div class=\"wp-block-media-text alignwide is-stacked-on-mobile is-image-fill\"><figure class=\"wp-block-media-text__media\" style=\"background-image:url(http:\/\/ekskluzywny-hotel.pl\/wp-content\/uploads\/2024\/09\/Palac-Pakoszow-Czesc-1-144-von-188-1024x683.jpg);background-position:50% 50%\"><img loading=\"lazy\" decoding=\"async\" width=\"1024\" height=\"683\" src=\"http:\/\/ekskluzywny-hotel.pl\/wp-content\/uploads\/2024\/09\/Palac-Pakoszow-Czesc-1-144-von-188-1024x683.jpg\" alt=\"elegancki pok\u00f3j w luksusowym hotelu w g\u00f3rach, pa\u0142ac pakosz\u00f3w\" class=\"wp-image-11 size-full\" srcset=\"https:\/\/ekskluzywny-hotel.pl\/wp-content\/uploads\/2024\/09\/Palac-Pakoszow-Czesc-1-144-von-188-1024x683.jpg 1024w, https:\/\/ekskluzywny-hotel.pl\/wp-content\/uploads\/2024\/09\/Palac-Pakoszow-Czesc-1-144-von-188-300x200.jpg 300w, https:\/\/ekskluzywny-hotel.pl\/wp-content\/uploads\/2024\/09\/Palac-Pakoszow-Czesc-1-144-von-188-768x512.jpg 768w, https:\/\/ekskluzywny-hotel.pl\/wp-content\/uploads\/2024\/09\/Palac-Pakoszow-Czesc-1-144-von-188-1536x1024.jpg 1536w, https:\/\/ekskluzywny-hotel.pl\/wp-content\/uploads\/2024\/09\/Palac-Pakoszow-Czesc-1-144-von-188-2048x1365.jpg 2048w, https:\/\/ekskluzywny-hotel.pl\/wp-content\/uploads\/2024\/09\/Palac-Pakoszow-Czesc-1-144-von-188-600x400.jpg 600w\" sizes=\"(max-width: 1024px) 100vw, 1024px\" \/><\/figure><div class=\"wp-block-media-text__content\">\n<p>Kiedy przekroczysz pr\u00f3g Pa\u0142acu Pakosz\u00f3w, jakby\u015b przest\u0105pi\u0142 przez portal do innej epoki. Powietrze niesie ze sob\u0105 zapach przesz\u0142o\u015bci, mieszaj\u0105c si\u0119 z subtelnymi aromatami wsp\u00f3\u0142czesnej elegancji. Pa\u0142ac przywita Ci\u0119 majestatem i tajemniczo\u015bci\u0105, kt\u00f3rej nie znajdziesz nigdzie indziej. Komfort go\u015bci jest tu na pierwszym miejscu, co wida\u0107 zw\u0142aszcza w przestronnych, wygodnie urz\u0105dzonych pokojach. Ka\u017cdy pok\u00f3j oferuje nie tylko wyj\u0105tkowy wystr\u00f3j, ale r\u00f3wnie\u017c najwy\u017cszej klasy wygody, zapewniaj\u0105c idealne warunki do wypoczynku po dniu pe\u0142nym wra\u017ce\u0144.<\/p>\n<\/div><\/div>\n\n\n\n<div style=\"height:35px\" aria-hidden=\"true\" class=\"wp-block-spacer\"><\/div>\n\n\n\n<div class=\"wp-block-media-text alignwide has-media-on-the-right is-stacked-on-mobile is-image-fill\"><div class=\"wp-block-media-text__content\">\n<h2 class=\"wp-block-heading\">Sala Balowa Barokowa &#8211; serce Pa\u0142acu Pakosz\u00f3w<\/h2>\n\n\n\n<p>Jednym z najbardziej imponuj\u0105cych pomieszcze\u0144 Pa\u0142acu Pakosz\u00f3w jest Sala Balowa Barokowa. Z jej wysokimi sufitami i krystalicznymi \u017cyrandolami, to miejsce jest niczym z pa\u0144stwowych bankiet\u00f3w, gdzie ka\u017cdy detal ma swoj\u0105 histori\u0119. Tu, w\u015br\u00f3d z\u0142ocistych zdobie\u0144 i lustrzanych \u015bcian, mo\u017cna poczu\u0107 si\u0119 jak w innym \u015bwiecie, gdzie czas na chwil\u0119 zwalnia sw\u00f3j bieg.<\/p>\n<\/div><figure class=\"wp-block-media-text__media\" style=\"background-image:url(http:\/\/ekskluzywny-hotel.pl\/wp-content\/uploads\/2024\/09\/Palac-Pakoszow-Czesc-1-159-von-188-1-1024x686.jpg);background-position:50% 50%\"><img loading=\"lazy\" decoding=\"async\" width=\"1024\" height=\"686\" src=\"http:\/\/ekskluzywny-hotel.pl\/wp-content\/uploads\/2024\/09\/Palac-Pakoszow-Czesc-1-159-von-188-1-1024x686.jpg\" alt=\"\" class=\"wp-image-12 size-full\" srcset=\"https:\/\/ekskluzywny-hotel.pl\/wp-content\/uploads\/2024\/09\/Palac-Pakoszow-Czesc-1-159-von-188-1-1024x686.jpg 1024w, https:\/\/ekskluzywny-hotel.pl\/wp-content\/uploads\/2024\/09\/Palac-Pakoszow-Czesc-1-159-von-188-1-300x201.jpg 300w, https:\/\/ekskluzywny-hotel.pl\/wp-content\/uploads\/2024\/09\/Palac-Pakoszow-Czesc-1-159-von-188-1-768x515.jpg 768w, https:\/\/ekskluzywny-hotel.pl\/wp-content\/uploads\/2024\/09\/Palac-Pakoszow-Czesc-1-159-von-188-1-1536x1029.jpg 1536w, https:\/\/ekskluzywny-hotel.pl\/wp-content\/uploads\/2024\/09\/Palac-Pakoszow-Czesc-1-159-von-188-1-2048x1372.jpg 2048w\" sizes=\"(max-width: 1024px) 100vw, 1024px\" \/><\/figure><\/div>\n\n\n\n<div style=\"height:35px\" aria-hidden=\"true\" class=\"wp-block-spacer\"><\/div>\n\n\n\n<div class=\"wp-block-media-text is-stacked-on-mobile\"><figure class=\"wp-block-media-text__media\"><img loading=\"lazy\" decoding=\"async\" width=\"1024\" height=\"683\" src=\"http:\/\/ekskluzywny-hotel.pl\/wp-content\/uploads\/2024\/09\/Palac-Pakoszow-Czesc-3-50-von-216-1024x683.jpg\" alt=\"biblioteka, gra w karty\" class=\"wp-image-14 size-full\" srcset=\"https:\/\/ekskluzywny-hotel.pl\/wp-content\/uploads\/2024\/09\/Palac-Pakoszow-Czesc-3-50-von-216-1024x683.jpg 1024w, https:\/\/ekskluzywny-hotel.pl\/wp-content\/uploads\/2024\/09\/Palac-Pakoszow-Czesc-3-50-von-216-300x200.jpg 300w, https:\/\/ekskluzywny-hotel.pl\/wp-content\/uploads\/2024\/09\/Palac-Pakoszow-Czesc-3-50-von-216-768x512.jpg 768w, https:\/\/ekskluzywny-hotel.pl\/wp-content\/uploads\/2024\/09\/Palac-Pakoszow-Czesc-3-50-von-216-1536x1024.jpg 1536w, https:\/\/ekskluzywny-hotel.pl\/wp-content\/uploads\/2024\/09\/Palac-Pakoszow-Czesc-3-50-von-216-2048x1365.jpg 2048w, https:\/\/ekskluzywny-hotel.pl\/wp-content\/uploads\/2024\/09\/Palac-Pakoszow-Czesc-3-50-von-216-600x400.jpg 600w\" sizes=\"(max-width: 1024px) 100vw, 1024px\" \/><\/figure><div class=\"wp-block-media-text__content\">\n<h2 class=\"wp-block-heading\">Luksusowy hotel w g\u00f3rach &#8211; oaza w bibliotece<\/h2>\n\n\n\n<p>Nie mo\u017cna pomin\u0105\u0107 wyj\u0105tkowej biblioteki pa\u0142acowej, kt\u00f3ra jest prawdziwym rajem dla mi\u0142o\u015bnik\u00f3w ksi\u0105\u017cek i gier karcianych. Otoczone drewnianymi rega\u0142ami pe\u0142nymi starych tom\u00f3w, \u015bciany tej sali zdaj\u0105 si\u0119 opowiada\u0107 historie skryte w zapomnianych rozdzia\u0142ach literatury. To pomieszczenie skrywa w sobie wiele magii!<\/p>\n<\/div><\/div>\n\n\n\n<div style=\"height:35px\" aria-hidden=\"true\" class=\"wp-block-spacer\"><\/div>\n\n\n\n<div class=\"wp-block-media-text alignwide has-media-on-the-right is-stacked-on-mobile is-image-fill\"><div class=\"wp-block-media-text__content\">\n<h2 class=\"wp-block-heading\">Sala Kafelkowa &#8211; mistrzostwo artystyczne<\/h2>\n\n\n\n<p>Sala Kafelkowa to kolejne pomieszczenie, kt\u00f3re zas\u0142uguje na szczeg\u00f3ln\u0105 uwag\u0119. Jej wn\u0119trze pokryte jest r\u0119cznie malowanymi kafelkami, kt\u00f3re opowiadaj\u0105 r\u00f3\u017cnorodne historie. To miejsce, gdzie ka\u017cdy kafel to dzie\u0142o sztuki, a ca\u0142o\u015b\u0107 tworzy niesamowity wizualny spektakl. Osobiste okazje takie jak zar\u0119czyny czy odnowienie przysi\u0119gi zyskuj\u0105 tutaj niepowtarzalny charakter dzi\u0119ki wyj\u0105tkowej atmosferze i pi\u0119knym detalom.  <\/p>\n<\/div><figure class=\"wp-block-media-text__media\" style=\"background-image:url(http:\/\/ekskluzywny-hotel.pl\/wp-content\/uploads\/2024\/09\/Palac-Pakoszow-Czesc-2-4-von-85-1-1024x683.jpg);background-position:50% 50%\"><img loading=\"lazy\" decoding=\"async\" width=\"1024\" height=\"683\" src=\"http:\/\/ekskluzywny-hotel.pl\/wp-content\/uploads\/2024\/09\/Palac-Pakoszow-Czesc-2-4-von-85-1-1024x683.jpg\" alt=\"sala kafelkowa\" class=\"wp-image-16 size-full\" srcset=\"https:\/\/ekskluzywny-hotel.pl\/wp-content\/uploads\/2024\/09\/Palac-Pakoszow-Czesc-2-4-von-85-1-1024x683.jpg 1024w, https:\/\/ekskluzywny-hotel.pl\/wp-content\/uploads\/2024\/09\/Palac-Pakoszow-Czesc-2-4-von-85-1-300x200.jpg 300w, https:\/\/ekskluzywny-hotel.pl\/wp-content\/uploads\/2024\/09\/Palac-Pakoszow-Czesc-2-4-von-85-1-768x512.jpg 768w, https:\/\/ekskluzywny-hotel.pl\/wp-content\/uploads\/2024\/09\/Palac-Pakoszow-Czesc-2-4-von-85-1-1536x1024.jpg 1536w, https:\/\/ekskluzywny-hotel.pl\/wp-content\/uploads\/2024\/09\/Palac-Pakoszow-Czesc-2-4-von-85-1-2048x1365.jpg 2048w, https:\/\/ekskluzywny-hotel.pl\/wp-content\/uploads\/2024\/09\/Palac-Pakoszow-Czesc-2-4-von-85-1-600x400.jpg 600w\" sizes=\"(max-width: 1024px) 100vw, 1024px\" \/><\/figure><\/div>\n\n\n\n<div style=\"height:35px\" aria-hidden=\"true\" class=\"wp-block-spacer\"><\/div>\n\n\n\n<div class=\"wp-block-media-text alignfull has-media-on-the-right is-stacked-on-mobile is-vertically-aligned-center has-background\" style=\"background-color:#877f7c\"><div class=\"wp-block-media-text__content\">\n<h2 class=\"wp-block-heading has-text-align-center\">Luksusowy hotel w g\u00f3rach &#8211; gdzie przesz\u0142o\u015b\u0107 spotyka nowoczesno\u015b\u0107<\/h2>\n\n\n\n<p><strong>Pa\u0142ac Pakosz\u00f3w &#8211; <a href=\"https:\/\/www.palac-pakoszow.pl\/\">luksusowy hotel w g\u00f3rach<\/a><\/strong> to nie tylko miejsce na wypoczynek, ale tak\u017ce idealna przestrze\u0144 do organizacji wyj\u0105tkowych wydarze\u0144. Zar\u00f3wno konferencje, jak i osobiste okazje takie jak zar\u0119czyny czy urodziny zyskuj\u0105 tutaj niepowtarzalny charakter dzi\u0119ki wyj\u0105tkowej atmosferze i pi\u0119knym, zabytkowym wn\u0119trzom.<\/p>\n<\/div><figure class=\"wp-block-media-text__media\"><img loading=\"lazy\" decoding=\"async\" width=\"2560\" height=\"1706\" src=\"http:\/\/ekskluzywny-hotel.pl\/wp-content\/uploads\/2024\/09\/Palac-Pakoszow-Czesc-1-90-von-188-scaled.jpg\" alt=\"porcelana mi\u015bnie\u0144ska\" class=\"wp-image-17 size-full\" srcset=\"https:\/\/ekskluzywny-hotel.pl\/wp-content\/uploads\/2024\/09\/Palac-Pakoszow-Czesc-1-90-von-188-scaled.jpg 2560w, https:\/\/ekskluzywny-hotel.pl\/wp-content\/uploads\/2024\/09\/Palac-Pakoszow-Czesc-1-90-von-188-300x200.jpg 300w, https:\/\/ekskluzywny-hotel.pl\/wp-content\/uploads\/2024\/09\/Palac-Pakoszow-Czesc-1-90-von-188-1024x683.jpg 1024w, https:\/\/ekskluzywny-hotel.pl\/wp-content\/uploads\/2024\/09\/Palac-Pakoszow-Czesc-1-90-von-188-768x512.jpg 768w, https:\/\/ekskluzywny-hotel.pl\/wp-content\/uploads\/2024\/09\/Palac-Pakoszow-Czesc-1-90-von-188-1536x1024.jpg 1536w, https:\/\/ekskluzywny-hotel.pl\/wp-content\/uploads\/2024\/09\/Palac-Pakoszow-Czesc-1-90-von-188-2048x1365.jpg 2048w, https:\/\/ekskluzywny-hotel.pl\/wp-content\/uploads\/2024\/09\/Palac-Pakoszow-Czesc-1-90-von-188-600x400.jpg 600w\" sizes=\"(max-width: 2560px) 100vw, 2560px\" \/><\/figure><\/div>\n\n\n\n<div style=\"height:35px\" aria-hidden=\"true\" class=\"wp-block-spacer\"><\/div>\n\n\n\n<div class=\"wp-block-cover alignfull is-light has-parallax\"><span aria-hidden=\"true\" class=\"wp-block-cover__background has-background-dim\" style=\"background-color:#5e92a2\"><\/span><div role=\"img\" aria-label=\"\u015bnie\u017cka, karkonosze\" class=\"wp-block-cover__image-background wp-image-7 has-parallax\" style=\"background-position:50% 50%;background-image:url(http:\/\/ekskluzywny-hotel.pl\/wp-content\/uploads\/2024\/09\/tetiana-siedaia-dq0GE27-1jc-unsplash-scaled.jpg)\"><\/div><div class=\"wp-block-cover__inner-container is-layout-constrained wp-block-cover-is-layout-constrained\">\n<p class=\"has-text-align-center has-medium-font-size\">Ka\u017cdy, kto przekroczy jego progi, zostanie przetransportowany w czasie do epoki splendoru i elegancji, b\u0119d\u0105c jednocze\u015bnie otoczonym przez wsp\u00f3\u0142czesne udogodnienia. To idealne miejsce dla tych, kt\u00f3rzy szukaj\u0105 nie tylko odpoczynku, ale r\u00f3wnie\u017c inspiracji i do\u015bwiadcze\u0144, kt\u00f3re pozostaj\u0105 w pami\u0119ci na d\u0142ugo po opuszczeniu hotelowych mur\u00f3w. <\/p>\n\n\n\n<p class=\"has-text-align-center has-medium-font-size\"><strong>Czy jeste\u015b got\u00f3w odkry\u0107 ten klejnot w koronie Karkonoszy?<\/strong><\/p>\n<\/div><\/div>\n","protected":false},"excerpt":{"rendered":"<p>Zagubiony w sercu majestatycznych Karkonoszy, istnieje luksusowy hotel w g\u00f3rach, kt\u00f3ry przekracza zwyk\u0142e granice wyj\u0105tkowo\u015bci \u2014 miejsce, gdzie historia splata si\u0119 z nowoczesno\u015bci\u0105, oferuj\u0105c odwiedzaj\u0105cym nie tylko wypoczynek, ale prawdziw\u0105 podr\u00f3\u017c w czasie. To nie jest zwyczajny luksusowy hotel w g\u00f3rach, lecz odrestaurowany pa\u0142ac w Karkonoszach, w kt\u00f3rym ka\u017cdy korytarz szepcze historie minionych lat, a ka\u017cde pomieszczenie opowiada o splendorze [&hellip;]<\/p>\n","protected":false},"author":1,"featured_media":0,"parent":0,"menu_order":0,"comment_status":"closed","ping_status":"open","template":"","meta":{"footnotes":""},"class_list":["post-2","page","type-page","status-publish","hentry"],"yoast_head":"<!-- This site is optimized with the Yoast SEO plugin v25.6 - https:\/\/yoast.com\/wordpress\/plugins\/seo\/ -->\n<title>Odwied\u017a luksusowy hotel w g\u00f3rach - ekskluzywny-hotel.pl<\/title>\n<meta name=\"description\" content=\"Dowied\u017a si\u0119 wi\u0119cej o wyj\u0105tkowym luksusowym hotelu w g\u00f3rach - w Karkonoszach. Sprawd\u017a, czym uj\u0105\u0142 nas ten luksusowy hotel w g\u00f3rach!\" \/>\n<meta name=\"robots\" content=\"index, follow, max-snippet:-1, max-image-preview:large, max-video-preview:-1\" \/>\n<link rel=\"canonical\" href=\"https:\/\/ekskluzywny-hotel.pl\/\" \/>\n<meta property=\"og:locale\" content=\"pl_PL\" \/>\n<meta property=\"og:type\" content=\"article\" \/>\n<meta property=\"og:title\" content=\"Odwied\u017a luksusowy hotel w g\u00f3rach - ekskluzywny-hotel.pl\" \/>\n<meta property=\"og:description\" content=\"Dowied\u017a si\u0119 wi\u0119cej o wyj\u0105tkowym luksusowym hotelu w g\u00f3rach - w Karkonoszach. Sprawd\u017a, czym uj\u0105\u0142 nas ten luksusowy hotel w g\u00f3rach!\" \/>\n<meta property=\"og:url\" content=\"https:\/\/ekskluzywny-hotel.pl\/\" \/>\n<meta property=\"og:site_name\" content=\"ekskluzywny-hotel.pl\" \/>\n<meta property=\"article:modified_time\" content=\"2024-09-04T12:50:50+00:00\" \/>\n<meta property=\"og:image\" content=\"http:\/\/ekskluzywny-hotel.pl\/wp-content\/uploads\/2024\/09\/Palac-Pakoszow-Czesc-1-144-von-188-1024x683.jpg\" \/>\n<meta name=\"twitter:card\" content=\"summary_large_image\" \/>\n<meta name=\"twitter:label1\" content=\"Szacowany czas czytania\" \/>\n\t<meta name=\"twitter:data1\" content=\"4 minuty\" \/>\n<script type=\"application\/ld+json\" class=\"yoast-schema-graph\">{\"@context\":\"https:\/\/schema.org\",\"@graph\":[{\"@type\":\"WebPage\",\"@id\":\"https:\/\/ekskluzywny-hotel.pl\/\",\"url\":\"https:\/\/ekskluzywny-hotel.pl\/\",\"name\":\"Odwied\u017a luksusowy hotel w g\u00f3rach - ekskluzywny-hotel.pl\",\"isPartOf\":{\"@id\":\"https:\/\/ekskluzywny-hotel.pl\/#website\"},\"primaryImageOfPage\":{\"@id\":\"https:\/\/ekskluzywny-hotel.pl\/#primaryimage\"},\"image\":{\"@id\":\"https:\/\/ekskluzywny-hotel.pl\/#primaryimage\"},\"thumbnailUrl\":\"http:\/\/ekskluzywny-hotel.pl\/wp-content\/uploads\/2024\/09\/Palac-Pakoszow-Czesc-1-144-von-188-1024x683.jpg\",\"datePublished\":\"2024-02-17T08:52:32+00:00\",\"dateModified\":\"2024-09-04T12:50:50+00:00\",\"description\":\"Dowied\u017a si\u0119 wi\u0119cej o wyj\u0105tkowym luksusowym hotelu w g\u00f3rach - w Karkonoszach. Sprawd\u017a, czym uj\u0105\u0142 nas ten luksusowy hotel w g\u00f3rach!\",\"breadcrumb\":{\"@id\":\"https:\/\/ekskluzywny-hotel.pl\/#breadcrumb\"},\"inLanguage\":\"pl-PL\",\"potentialAction\":[{\"@type\":\"ReadAction\",\"target\":[\"https:\/\/ekskluzywny-hotel.pl\/\"]}]},{\"@type\":\"ImageObject\",\"inLanguage\":\"pl-PL\",\"@id\":\"https:\/\/ekskluzywny-hotel.pl\/#primaryimage\",\"url\":\"https:\/\/ekskluzywny-hotel.pl\/wp-content\/uploads\/2024\/09\/Palac-Pakoszow-Czesc-1-144-von-188-scaled.jpg\",\"contentUrl\":\"https:\/\/ekskluzywny-hotel.pl\/wp-content\/uploads\/2024\/09\/Palac-Pakoszow-Czesc-1-144-von-188-scaled.jpg\",\"width\":2560,\"height\":1706},{\"@type\":\"BreadcrumbList\",\"@id\":\"https:\/\/ekskluzywny-hotel.pl\/#breadcrumb\",\"itemListElement\":[{\"@type\":\"ListItem\",\"position\":1,\"name\":\"Strona g\u0142\u00f3wna\",\"item\":\"https:\/\/ekskluzywny-hotel.pl\/\"},{\"@type\":\"ListItem\",\"position\":2,\"name\":\"Luksusowy hotel w g\u00f3rach to Pa\u0142ac Pakosz\u00f3w!\"}]},{\"@type\":\"WebSite\",\"@id\":\"https:\/\/ekskluzywny-hotel.pl\/#website\",\"url\":\"https:\/\/ekskluzywny-hotel.pl\/\",\"name\":\"ekskluzywny-hotel.pl\",\"description\":\"Odwied\u017a luksusowy hotel w g&oacute;rach\",\"potentialAction\":[{\"@type\":\"SearchAction\",\"target\":{\"@type\":\"EntryPoint\",\"urlTemplate\":\"https:\/\/ekskluzywny-hotel.pl\/?s={search_term_string}\"},\"query-input\":{\"@type\":\"PropertyValueSpecification\",\"valueRequired\":true,\"valueName\":\"search_term_string\"}}],\"inLanguage\":\"pl-PL\"}]}<\/script>\n<!-- \/ Yoast SEO plugin. -->","yoast_head_json":{"title":"Odwied\u017a luksusowy hotel w g\u00f3rach - ekskluzywny-hotel.pl","description":"Dowied\u017a si\u0119 wi\u0119cej o wyj\u0105tkowym luksusowym hotelu w g\u00f3rach - w Karkonoszach. Sprawd\u017a, czym uj\u0105\u0142 nas ten luksusowy hotel w g\u00f3rach!","robots":{"index":"index","follow":"follow","max-snippet":"max-snippet:-1","max-image-preview":"max-image-preview:large","max-video-preview":"max-video-preview:-1"},"canonical":"https:\/\/ekskluzywny-hotel.pl\/","og_locale":"pl_PL","og_type":"article","og_title":"Odwied\u017a luksusowy hotel w g\u00f3rach - ekskluzywny-hotel.pl","og_description":"Dowied\u017a si\u0119 wi\u0119cej o wyj\u0105tkowym luksusowym hotelu w g\u00f3rach - w Karkonoszach. Sprawd\u017a, czym uj\u0105\u0142 nas ten luksusowy hotel w g\u00f3rach!","og_url":"https:\/\/ekskluzywny-hotel.pl\/","og_site_name":"ekskluzywny-hotel.pl","article_modified_time":"2024-09-04T12:50:50+00:00","og_image":[{"url":"http:\/\/ekskluzywny-hotel.pl\/wp-content\/uploads\/2024\/09\/Palac-Pakoszow-Czesc-1-144-von-188-1024x683.jpg","type":"","width":"","height":""}],"twitter_card":"summary_large_image","twitter_misc":{"Szacowany czas czytania":"4 minuty"},"schema":{"@context":"https:\/\/schema.org","@graph":[{"@type":"WebPage","@id":"https:\/\/ekskluzywny-hotel.pl\/","url":"https:\/\/ekskluzywny-hotel.pl\/","name":"Odwied\u017a luksusowy hotel w g\u00f3rach - ekskluzywny-hotel.pl","isPartOf":{"@id":"https:\/\/ekskluzywny-hotel.pl\/#website"},"primaryImageOfPage":{"@id":"https:\/\/ekskluzywny-hotel.pl\/#primaryimage"},"image":{"@id":"https:\/\/ekskluzywny-hotel.pl\/#primaryimage"},"thumbnailUrl":"http:\/\/ekskluzywny-hotel.pl\/wp-content\/uploads\/2024\/09\/Palac-Pakoszow-Czesc-1-144-von-188-1024x683.jpg","datePublished":"2024-02-17T08:52:32+00:00","dateModified":"2024-09-04T12:50:50+00:00","description":"Dowied\u017a si\u0119 wi\u0119cej o wyj\u0105tkowym luksusowym hotelu w g\u00f3rach - w Karkonoszach. Sprawd\u017a, czym uj\u0105\u0142 nas ten luksusowy hotel w g\u00f3rach!","breadcrumb":{"@id":"https:\/\/ekskluzywny-hotel.pl\/#breadcrumb"},"inLanguage":"pl-PL","potentialAction":[{"@type":"ReadAction","target":["https:\/\/ekskluzywny-hotel.pl\/"]}]},{"@type":"ImageObject","inLanguage":"pl-PL","@id":"https:\/\/ekskluzywny-hotel.pl\/#primaryimage","url":"https:\/\/ekskluzywny-hotel.pl\/wp-content\/uploads\/2024\/09\/Palac-Pakoszow-Czesc-1-144-von-188-scaled.jpg","contentUrl":"https:\/\/ekskluzywny-hotel.pl\/wp-content\/uploads\/2024\/09\/Palac-Pakoszow-Czesc-1-144-von-188-scaled.jpg","width":2560,"height":1706},{"@type":"BreadcrumbList","@id":"https:\/\/ekskluzywny-hotel.pl\/#breadcrumb","itemListElement":[{"@type":"ListItem","position":1,"name":"Strona g\u0142\u00f3wna","item":"https:\/\/ekskluzywny-hotel.pl\/"},{"@type":"ListItem","position":2,"name":"Luksusowy hotel w g\u00f3rach to Pa\u0142ac Pakosz\u00f3w!"}]},{"@type":"WebSite","@id":"https:\/\/ekskluzywny-hotel.pl\/#website","url":"https:\/\/ekskluzywny-hotel.pl\/","name":"ekskluzywny-hotel.pl","description":"Odwied\u017a luksusowy hotel w g&oacute;rach","potentialAction":[{"@type":"SearchAction","target":{"@type":"EntryPoint","urlTemplate":"https:\/\/ekskluzywny-hotel.pl\/?s={search_term_string}"},"query-input":{"@type":"PropertyValueSpecification","valueRequired":true,"valueName":"search_term_string"}}],"inLanguage":"pl-PL"}]}},"_links":{"self":[{"href":"https:\/\/ekskluzywny-hotel.pl\/index.php?rest_route=\/wp\/v2\/pages\/2"}],"collection":[{"href":"https:\/\/ekskluzywny-hotel.pl\/index.php?rest_route=\/wp\/v2\/pages"}],"about":[{"href":"https:\/\/ekskluzywny-hotel.pl\/index.php?rest_route=\/wp\/v2\/types\/page"}],"author":[{"embeddable":true,"href":"https:\/\/ekskluzywny-hotel.pl\/index.php?rest_route=\/wp\/v2\/users\/1"}],"replies":[{"embeddable":true,"href":"https:\/\/ekskluzywny-hotel.pl\/index.php?rest_route=%2Fwp%2Fv2%2Fcomments&post=2"}],"version-history":[{"count":2,"href":"https:\/\/ekskluzywny-hotel.pl\/index.php?rest_route=\/wp\/v2\/pages\/2\/revisions"}],"predecessor-version":[{"id":20,"href":"https:\/\/ekskluzywny-hotel.pl\/index.php?rest_route=\/wp\/v2\/pages\/2\/revisions\/20"}],"wp:attachment":[{"href":"https:\/\/ekskluzywny-hotel.pl\/index.php?rest_route=%2Fwp%2Fv2%2Fmedia&parent=2"}],"curies":[{"name":"wp","href":"https:\/\/api.w.org\/{rel}","templated":true}]}}